{"id":1965,"date":"2018-08-23T12:23:35","date_gmt":"2018-08-23T12:23:35","guid":{"rendered":"https:\/\/www.robgjobs.eu\/antreprenoriat-inovativ\/"},"modified":"2019-02-10T12:21:14","modified_gmt":"2019-02-10T12:21:14","slug":"antreprenoriat-inovativ","status":"publish","type":"page","link":"https:\/\/robgjobs.eu\/ro\/antreprenoriat-inovativ\/","title":{"rendered":"Antreprenoriat inovativ"},"content":{"rendered":"<p><div class=\"fusion-fullwidth fullwidth-box nonhundred-percent-fullwidth non-hundred-percent-height-scrolling\"  style='background-color: #ffffff;background-position: left top;background-repeat: no-repeat;padding-top:100px;padding-right:0px;padding-bottom:100px;padding-left:0px;border-top-width:1px;border-bottom-width:1px;border-color:#e2e2e2;border-top-style:solid;border-bottom-style:solid;'><div class=\"fusion-builder-row fusion-row \"><div  class=\"fusion-layout-column fusion_builder_column fusion_builder_column_1_1 fusion-builder-column-1 fusion-one-full fusion-column-first fusion-column-last fusion-column-no-min-height 1_1\"  style='margin-top:0px;margin-bottom:0px;'>\n\t\t\t\t\t<div class=\"fusion-column-wrapper\" style=\"padding: 0px 0px 0px 0px;background-position:left top;background-repeat:no-repeat;-webkit-background-size:cover;-moz-background-size:cover;-o-background-size:cover;background-size:cover;\"   data-bg-url=\"\">\n\t\t\t\t\t\t<div class=\"fusion-text\"><h3 style=\"text-align: center;\">Antreprenoriat inovativ<\/h3>\n<\/div><div class=\"fusion-sep-clear\"><\/div><div class=\"fusion-separator sep-single sep-solid\" style=\"border-color:#dfdddd;border-top-width:1px;margin-left: auto;margin-right: auto;margin-top:10px;margin-bottom:30px;width:100%;max-width:170px;\"><\/div><div class=\"fusion-sep-clear\"><\/div><div class=\"fusion-separator sep-none\" style=\"margin-left: auto;margin-right: auto;margin-top:40px;width:100%;max-width:170px;\"><\/div><div class=\"fusion-clearfix\"><\/div>\n\n\t\t\t\t\t<\/div>\n\t\t\t\t<\/div><div  class=\"fusion-layout-column fusion_builder_column fusion_builder_column_1_1 fusion-builder-column-2 fusion-one-full fusion-column-first fusion-column-last fusion-column-no-min-height 1_1\"  style='margin-top:0px;margin-bottom:0px;'>\n\t\t\t\t\t<div class=\"fusion-column-wrapper\" style=\"padding: 0px 0px 0px 0px;background-position:left top;background-repeat:no-repeat;-webkit-background-size:cover;-moz-background-size:cover;-o-background-size:cover;background-size:cover;\"   data-bg-url=\"\">\n\t\t\t\t\t\t<div class=\"fusion-text\"><p align=\"center\">Rolul turismului \u00een dezvoltarea unei \u021b\u0103ri, precum \u0219i efectele sale sociale, economice \u0219i regionale, conduc la necesitatea de a oferi cuno\u0219tin\u021be avansate despre antreprenoriat, antreprenoriat \u0219i inovare. Ideea acestor cuno\u0219tin\u021be este de a \u00eembun\u0103t\u0103\u021bi procesele de management \u00een turism, de a cre\u0219te productivitatea muncii, calitatea serviciilor, satisfac\u021bia locului de munc\u0103, formarea \u0219i dezvoltarea carierei angaja\u021bilor din industria turismului.<\/p>\n<\/div><div class=\"fusion-sep-clear\"><\/div><div class=\"fusion-separator sep-single sep-solid\" style=\"border-color:#dfdddd;border-top-width:1px;margin-left: auto;margin-right: auto;margin-top:10px;margin-bottom:30px;width:100%;max-width:170px;\"><\/div><div class=\"fusion-clearfix\"><\/div>\n\n\t\t\t\t\t<\/div>\n\t\t\t\t<\/div><\/div><\/div><div class=\"fusion-fullwidth fullwidth-box nonhundred-percent-fullwidth non-hundred-percent-height-scrolling\"  style='background-color: #f5f5f5;background-position: left top;background-repeat: no-repeat;padding-top:110px;padding-right:0px;padding-bottom:90px;padding-left:0px;border-top-width:0px;border-bottom-width:0px;border-color:#eae9e9;border-top-style:solid;border-bottom-style:solid;'><div class=\"fusion-builder-row fusion-row \"><div  class=\"fusion-layout-column fusion_builder_column fusion_builder_column_1_1 fusion-builder-column-3 fusion-one-full fusion-column-first fusion-column-last fusion-column-no-min-height 1_1\"  style='margin-top:0px;margin-bottom:0px;'>\n\t\t\t\t\t<div class=\"fusion-column-wrapper\" style=\"padding: 0px 0px 0px 0px;background-position:left top;background-repeat:no-repeat;-webkit-background-size:cover;-moz-background-size:cover;-o-background-size:cover;background-size:cover;\"   data-bg-url=\"\">\n\t\t\t\t\t\t<div class=\"fusion-sep-clear\"><\/div><div class=\"fusion-separator fusion-full-width-sep sep-single sep-solid\" style=\"border-color:#55a098;border-top-width:5px;margin-left: auto;margin-right: auto;margin-top:0px;margin-bottom:0px;\"><\/div><div class=\"fusion-clearfix\"><\/div>\n\n\t\t\t\t\t<\/div>\n\t\t\t\t<\/div><div  class=\"fusion-layout-column fusion_builder_column fusion_builder_column_1_2 fusion-builder-column-4 fusion-one-half fusion-column-first fusion-blend-mode green-border 1_2\"  style='margin-top:0px;margin-bottom:20px;'>\n\t\t\t\t\t<div class=\"fusion-column-wrapper\" style=\"background-color:#ffffff;border:1px solid #e2e2e2;padding: 40px 50px 60px 50px;background-position:left top;background-repeat:no-repeat;-webkit-background-size:cover;-moz-background-size:cover;-o-background-size:cover;background-size:cover;\"   data-bg-url=\"\">\n\t\t\t\t\t\t<div class=\"fusion-text\"><h3 align=\"center\">Abilit\u0103\u021bi de baz\u0103 \u00een afaceri<\/h3>\n<\/div><div class=\"fusion-sep-clear\"><\/div><div class=\"fusion-separator fusion-full-width-sep sep-none\" style=\"margin-left: auto;margin-right: auto;margin-top:10px;\"><\/div><div class=\"fusion-text\"><p align=\"center\">Obiectivul urm\u0103rit cu modulul este clarificarea teoriilor conceptuale despre procesul antreprenorial, mediul antreprenorial, analiza preventiv\u0103 \u0219i managementul ca fiind una dintre cele mai avansate componente din domeniul antreprenoriatului. O aten\u021bie deosebit\u0103 se acord\u0103 \u0219i aici func\u021biilor manageriale realizate de antreprenor \u00een domeniul turismului, cu accent pe inovare \u0219i marketing. Exist\u0103, de asemenea, probleme legate de teoriile \u0219i practicile actuale din domeniul turismului, cum ar fi responsabilitatea social\u0103 \u0219i cultura antreprenorilor.<\/p>\n<\/div><div class=\"fusion-sep-clear\"><\/div><div class=\"fusion-separator fusion-full-width-sep sep-none\" style=\"margin-left: auto;margin-right: auto;margin-top:10px;\"><\/div><div class=\"fusion-button-wrapper fusion-aligncenter\"><style type=\"text\/css\" scoped=\"scoped\">.fusion-button.button-1 .fusion-button-text, .fusion-button.button-1 i {color:#ffffff;}.fusion-button.button-1 {border-width:0px;border-color:#ffffff;}.fusion-button.button-1 .fusion-button-icon-divider{border-color:#ffffff;}.fusion-button.button-1:hover .fusion-button-text, .fusion-button.button-1:hover i,.fusion-button.button-1:focus .fusion-button-text, .fusion-button.button-1:focus i,.fusion-button.button-1:active .fusion-button-text, .fusion-button.button-1:active{color:#ffffff;}.fusion-button.button-1:hover, .fusion-button.button-1:focus, .fusion-button.button-1:active{border-width:0px;border-color:#ffffff;}.fusion-button.button-1:hover .fusion-button-icon-divider, .fusion-button.button-1:hover .fusion-button-icon-divider, .fusion-button.button-1:active .fusion-button-icon-divider{border-color:#ffffff;}.fusion-button.button-1{background: #3b4251;}.fusion-button.button-1:hover,.button-1:focus,.fusion-button.button-1:active{background: #55a098;}.fusion-button.button-1{width:auto;}<\/style><a class=\"fusion-button button-flat fusion-button-round button-large button-custom button-1\" target=\"_self\" href=\"https:\/\/www.robgjobs.eu\/ro\/antreprenoriat-inovativ\/abilitati-de-baza-in-afaceri\/\"><span class=\"fusion-button-text\">VEZI MAI MULT<\/span><\/a><\/div><div class=\"fusion-clearfix\"><\/div>\n\n\t\t\t\t\t<\/div>\n\t\t\t\t<\/div><div  class=\"fusion-layout-column fusion_builder_column fusion_builder_column_1_2 fusion-builder-column-5 fusion-one-half fusion-column-last fusion-blend-mode green-border no-side-borders 1_2\"  style='margin-top:0px;margin-bottom:20px;'>\n\t\t\t\t\t<div class=\"fusion-column-wrapper\" style=\"background-color:#ffffff;border:1px solid #e2e2e2;padding: 40px 50px 60px 50px;background-position:left top;background-repeat:no-repeat;-webkit-background-size:cover;-moz-background-size:cover;-o-background-size:cover;background-size:cover;\"   data-bg-url=\"\">\n\t\t\t\t\t\t<div class=\"fusion-text\"><h3 style=\"text-align: center;\">Turism cultural<\/h3>\n<\/div><div class=\"fusion-sep-clear\"><\/div><div class=\"fusion-separator fusion-full-width-sep sep-none\" style=\"margin-left: auto;margin-right: auto;margin-top:10px;\"><\/div><div class=\"fusion-text\"><p style=\"text-align: center;\">\u00cen\u021belegerea esen\u021bei \u0219i importan\u021bei patrimoniului cultural este o condi\u021bie prealabil\u0103 pentru luarea deciziilor strategice care s\u0103 asigure conservarea \u0219i dezvoltarea durabil\u0103. Turismul cultural contribuie la identitatea na\u021bional\u0103, &#8222;face&#8221; o \u021bar\u0103 distinct\u0103, \u00ee\u0219i \u00eembun\u0103t\u0103\u021be\u0219te imaginea \u0219i reputa\u021bia public\u0103. Pentru a atinge aceste obiective, oamenii locali trebuie s\u0103 fie atrasi de activitatea turistic\u0103 \u0219i s\u0103 participe activ la dezvoltarea \u0219i distribuirea contribu\u021biilor economice, sociale \u0219i culturale.<\/p>\n<\/div><div class=\"fusion-sep-clear\"><\/div><div class=\"fusion-separator fusion-full-width-sep sep-none\" style=\"margin-left: auto;margin-right: auto;margin-top:10px;\"><\/div><div class=\"fusion-button-wrapper fusion-aligncenter\"><style type=\"text\/css\" scoped=\"scoped\">.fusion-button.button-2 .fusion-button-text, .fusion-button.button-2 i {color:#ffffff;}.fusion-button.button-2 {border-width:0px;border-color:#ffffff;}.fusion-button.button-2 .fusion-button-icon-divider{border-color:#ffffff;}.fusion-button.button-2:hover .fusion-button-text, .fusion-button.button-2:hover i,.fusion-button.button-2:focus .fusion-button-text, .fusion-button.button-2:focus i,.fusion-button.button-2:active .fusion-button-text, .fusion-button.button-2:active{color:#ffffff;}.fusion-button.button-2:hover, .fusion-button.button-2:focus, .fusion-button.button-2:active{border-width:0px;border-color:#ffffff;}.fusion-button.button-2:hover .fusion-button-icon-divider, .fusion-button.button-2:hover .fusion-button-icon-divider, .fusion-button.button-2:active .fusion-button-icon-divider{border-color:#ffffff;}.fusion-button.button-2{background: #3b4251;}.fusion-button.button-2:hover,.button-2:focus,.fusion-button.button-2:active{background: #55a098;}.fusion-button.button-2{width:auto;}<\/style><a class=\"fusion-button button-flat fusion-button-round button-large button-custom button-2\" target=\"_self\" href=\"https:\/\/www.robgjobs.eu\/ro\/antreprenoriat-inovativ\/turism-cultural\/\"><span class=\"fusion-button-text\">VEZI MAI MULT<\/span><\/a><\/div><div class=\"fusion-clearfix\"><\/div>\n\n\t\t\t\t\t<\/div>\n\t\t\t\t<\/div><div  class=\"fusion-layout-column fusion_builder_column fusion_builder_column_1_2 fusion-builder-column-6 fusion-one-half fusion-column-first fusion-blend-mode green-border 1_2\"  style='margin-top:0px;margin-bottom:20px;'>\n\t\t\t\t\t<div class=\"fusion-column-wrapper\" style=\"background-color:#ffffff;border:1px solid #e2e2e2;padding: 40px 50px 60px 50px;background-position:left top;background-repeat:no-repeat;-webkit-background-size:cover;-moz-background-size:cover;-o-background-size:cover;background-size:cover;\"   data-bg-url=\"\">\n\t\t\t\t\t\t<div class=\"fusion-text\"><h3 align=\"center\">Ecoturism \u0219i turism rural<\/h3>\n<\/div><div class=\"fusion-sep-clear\"><\/div><div class=\"fusion-separator fusion-full-width-sep sep-none\" style=\"margin-left: auto;margin-right: auto;margin-top:10px;\"><\/div><div class=\"fusion-text\"><p align=\"center\">Ecoturismul \u0219i turismul rural sunt forme alternative de turism. Se opun a\u0219a-numitului turism de mas\u0103, ale c\u0103rui facilit\u0103\u021bi sunt standardizate \u0219i al c\u0103ror turist este anonim. \u00cen acest sens, turismul ecologic \u0219i cel rural sunt \u00eencerc\u0103ri de a avansa spre o dezvoltare mai durabil\u0103 a industriei turismului. Ele reprezint\u0103 o provocare actual\u0103 de reconsiderare a valorilor \u0219i tradi\u021biilor culturale identice naturale \u0219i na\u021bionale, \u00een limitele lumii civiliza\u021biei moderne.<\/p>\n<\/div><div class=\"fusion-sep-clear\"><\/div><div class=\"fusion-separator fusion-full-width-sep sep-none\" style=\"margin-left: auto;margin-right: auto;margin-top:10px;\"><\/div><div class=\"fusion-button-wrapper fusion-aligncenter\"><style type=\"text\/css\" scoped=\"scoped\">.fusion-button.button-3 .fusion-button-text, .fusion-button.button-3 i {color:#ffffff;}.fusion-button.button-3 {border-width:0px;border-color:#ffffff;}.fusion-button.button-3 .fusion-button-icon-divider{border-color:#ffffff;}.fusion-button.button-3:hover .fusion-button-text, .fusion-button.button-3:hover i,.fusion-button.button-3:focus .fusion-button-text, .fusion-button.button-3:focus i,.fusion-button.button-3:active .fusion-button-text, .fusion-button.button-3:active{color:#ffffff;}.fusion-button.button-3:hover, .fusion-button.button-3:focus, .fusion-button.button-3:active{border-width:0px;border-color:#ffffff;}.fusion-button.button-3:hover .fusion-button-icon-divider, .fusion-button.button-3:hover .fusion-button-icon-divider, .fusion-button.button-3:active .fusion-button-icon-divider{border-color:#ffffff;}.fusion-button.button-3{background: #3b4251;}.fusion-button.button-3:hover,.button-3:focus,.fusion-button.button-3:active{background: #55a098;}.fusion-button.button-3{width:auto;}<\/style><a class=\"fusion-button button-flat fusion-button-round button-large button-custom button-3\" target=\"_self\" href=\"https:\/\/www.robgjobs.eu\/ro\/antreprenoriat-inovativ\/ecoturism-si-turism-rural\/\"><span class=\"fusion-button-text\">VEZI MAI MULT<\/span><\/a><\/div><div class=\"fusion-clearfix\"><\/div>\n\n\t\t\t\t\t<\/div>\n\t\t\t\t<\/div><div  class=\"fusion-layout-column fusion_builder_column fusion_builder_column_1_2 fusion-builder-column-7 fusion-one-half fusion-column-last fusion-blend-mode green-border 1_2\"  style='margin-top:0px;margin-bottom:20px;'>\n\t\t\t\t\t<div class=\"fusion-column-wrapper\" style=\"background-color:#ffffff;border:1px solid #e2e2e2;padding: 40px 50px 60px 50px;background-position:left top;background-repeat:no-repeat;-webkit-background-size:cover;-moz-background-size:cover;-o-background-size:cover;background-size:cover;\"   data-bg-url=\"\">\n\t\t\t\t\t\t<div class=\"fusion-text\"><div class=\"fusion-page-title-captions\">\n<h3 class=\"entry-title\" align=\"center\">Turism sportiv \u0219i de aventur\u0103<\/h3>\n<\/div>\n<h2 class=\"fusion-page-title-secondary\" align=\"center\"><\/h2>\n<\/div><div class=\"fusion-sep-clear\"><\/div><div class=\"fusion-separator fusion-full-width-sep sep-none\" style=\"margin-left: auto;margin-right: auto;margin-top:10px;\"><\/div><div class=\"fusion-text\"><p style=\"text-align: center;\">Turismul sportiv poate fi definit ca un tip specializat de turism \u00een care destina\u021bia este practica activ\u0103 a unui anumit sport. \u00cen timp ce scopul c\u0103l\u0103toriei este de obicei un tip de sport, participan\u021bii pot practica o varietate de activit\u0103\u021bi sportive pentru a ob\u021bine un efect de agrement, de \u00eent\u0103rire sau de distrac\u021bie. Aceasta este o viziune care trebuie actualizat\u0103 \u00een leg\u0103tur\u0103 cu evolu\u021bia \u0219i schimb\u0103rile dinamice care apar cu sportul \u0219i turismul \u00een lumea modern\u0103.<\/p>\n<\/div><div class=\"fusion-sep-clear\"><\/div><div class=\"fusion-separator fusion-full-width-sep sep-none\" style=\"margin-left: auto;margin-right: auto;margin-top:10px;\"><\/div><div class=\"fusion-button-wrapper fusion-aligncenter\"><style type=\"text\/css\" scoped=\"scoped\">.fusion-button.button-4 .fusion-button-text, .fusion-button.button-4 i {color:#ffffff;}.fusion-button.button-4 {border-width:0px;border-color:#ffffff;}.fusion-button.button-4 .fusion-button-icon-divider{border-color:#ffffff;}.fusion-button.button-4:hover .fusion-button-text, .fusion-button.button-4:hover i,.fusion-button.button-4:focus .fusion-button-text, .fusion-button.button-4:focus i,.fusion-button.button-4:active .fusion-button-text, .fusion-button.button-4:active{color:#ffffff;}.fusion-button.button-4:hover, .fusion-button.button-4:focus, .fusion-button.button-4:active{border-width:0px;border-color:#ffffff;}.fusion-button.button-4:hover .fusion-button-icon-divider, .fusion-button.button-4:hover .fusion-button-icon-divider, .fusion-button.button-4:active .fusion-button-icon-divider{border-color:#ffffff;}.fusion-button.button-4{background: #3b4251;}.fusion-button.button-4:hover,.button-4:focus,.fusion-button.button-4:active{background: #55a098;}.fusion-button.button-4{width:auto;}<\/style><a class=\"fusion-button button-flat fusion-button-round button-large button-custom button-4\" target=\"_self\" href=\"https:\/\/www.robgjobs.eu\/ro\/antreprenoriat-inovativ\/turism-sportiv-si-de-aventura\/\"><span class=\"fusion-button-text\">VEZI MAI MULT<\/span><\/a><\/div><div class=\"fusion-clearfix\"><\/div>\n\n\t\t\t\t\t<\/div>\n\t\t\t\t<\/div><\/div><\/div><\/p>\n","protected":false},"excerpt":{"rendered":"","protected":false},"author":1,"featured_media":0,"parent":0,"menu_order":0,"comment_status":"open","ping_status":"open","template":"100-width.php","meta":{"footnotes":""},"class_list":["post-1965","page","type-page","status-publish","hentry"],"_links":{"self":[{"href":"https:\/\/robgjobs.eu\/ro\/wp-json\/wp\/v2\/pages\/1965\/"}],"collection":[{"href":"https:\/\/robgjobs.eu\/ro\/wp-json\/wp\/v2\/pages\/"}],"about":[{"href":"https:\/\/robgjobs.eu\/ro\/wp-json\/wp\/v2\/types\/page\/"}],"author":[{"embeddable":true,"href":"https:\/\/robgjobs.eu\/ro\/wp-json\/wp\/v2\/users\/1\/"}],"replies":[{"embeddable":true,"href":"https:\/\/robgjobs.eu\/ro\/wp-json\/wp\/v2\/comments\/?post=1965"}],"version-history":[{"count":12,"href":"https:\/\/robgjobs.eu\/ro\/wp-json\/wp\/v2\/pages\/1965\/revisions\/"}],"predecessor-version":[{"id":2502,"href":"https:\/\/robgjobs.eu\/ro\/wp-json\/wp\/v2\/pages\/1965\/revisions\/2502\/"}],"wp:attachment":[{"href":"https:\/\/robgjobs.eu\/ro\/wp-json\/wp\/v2\/media\/?parent=1965"}],"curies":[{"name":"wp","href":"https:\/\/api.w.org\/{rel}","templated":true}]}}