{"id":1973,"date":"2018-08-23T12:26:35","date_gmt":"2018-08-23T12:26:35","guid":{"rendered":"https:\/\/www.robgjobs.eu\/antreprenoriat-inovativ\/turism-sportiv-si-de-aventura\/"},"modified":"2019-05-14T12:45:41","modified_gmt":"2019-05-14T12:45:41","slug":"turism-sportiv-si-de-aventura","status":"publish","type":"page","link":"https:\/\/robgjobs.eu\/ro\/antreprenoriat-inovativ\/turism-sportiv-si-de-aventura\/","title":{"rendered":"Turism sportiv \u0219i de aventur\u0103"},"content":{"rendered":"<div class=\"fusion-fullwidth fullwidth-box nonhundred-percent-fullwidth non-hundred-percent-height-scrolling\"  style='background-color: #f5f5f5;background-position: left top;background-repeat: no-repeat;padding-top:40px;padding-right:0px;padding-bottom:40px;padding-left:0px;border-top-width:0px;border-bottom-width:0px;border-color:#eae9e9;border-top-style:solid;border-bottom-style:solid;'><div class=\"fusion-builder-row fusion-row \"><div  class=\"fusion-layout-column fusion_builder_column fusion_builder_column_1_1 fusion-builder-column-1 fusion-one-full fusion-column-first fusion-column-last fusion-column-no-min-height 1_1\"  style='margin-top:0px;margin-bottom:0px;'>\n\t\t\t\t\t<div class=\"fusion-column-wrapper\" style=\"padding: 0px 0px 0px 0px;background-position:left top;background-repeat:no-repeat;-webkit-background-size:cover;-moz-background-size:cover;-o-background-size:cover;background-size:cover;\"   data-bg-url=\"\">\n\t\t\t\t\t\t<div class=\"fusion-sep-clear\"><\/div><div class=\"fusion-separator fusion-full-width-sep sep-single sep-solid\" style=\"border-color:#55a098;border-top-width:5px;margin-left: auto;margin-right: auto;margin-top:;\"><\/div><div class=\"fusion-clearfix\"><\/div>\n\n\t\t\t\t\t<\/div>\n\t\t\t\t<\/div><div  class=\"fusion-layout-column fusion_builder_column fusion_builder_column_1_1 fusion-builder-column-2 fusion-one-full fusion-column-first fusion-column-last fusion-blend-mode green-border rounded-border 1_1\"  style='margin-top:0px;margin-bottom:20px;'>\n\t\t\t\t\t<div class=\"fusion-column-wrapper\" style=\"background-color:#ffffff;border:1px solid #e2e2e2;padding: 60px 60px 50px 60px;background-position:left top;background-repeat:no-repeat;-webkit-background-size:cover;-moz-background-size:cover;-o-background-size:cover;background-size:cover;\"   data-bg-url=\"\">\n\t\t\t\t\t\t<div class=\"fusion-text\"><h2 align=\"center\">Film educationale &#8222;Antreprenoriat inovativ pentru turism sportiv \u0219i de aventur\u0103 \u00een zona transfrontalier\u0103 Dobrich &#8211; Constan\u021ba&#8221;<\/h2>\n<\/div><div class=\"fusion-sep-clear\"><\/div><div class=\"fusion-separator fusion-full-width-sep sep-none\" style=\"margin-left: auto;margin-right: auto;margin-top:20px;\"><\/div><div class=\"fusion-video fusion-youtube fusion-aligncenter\" style=\"max-width:1050px;max-height:591px; width:100%\"><div class=\"video-shortcode\"><iframe loading=\"lazy\" title=\"YouTube video player\" src=\"https:\/\/www.youtube.com\/embed\/EoYRtx3u7-0?wmode=transparent&autoplay=0\" width=\"1050\" height=\"591\" allowfullscreen allow=\"autoplay; fullscreen\"><\/iframe><\/div><\/div><div class=\"fusion-clearfix\"><\/div>\n\n\t\t\t\t\t<\/div>\n\t\t\t\t<\/div><div  class=\"fusion-layout-column fusion_builder_column fusion_builder_column_1_1 fusion-builder-column-3 fusion-one-full fusion-column-first fusion-column-last fusion-column-no-min-height 1_1\"  style='margin-top:0px;margin-bottom:0px;'>\n\t\t\t\t\t<div class=\"fusion-column-wrapper\" style=\"padding: 0px 0px 0px 0px;background-position:left top;background-repeat:no-repeat;-webkit-background-size:cover;-moz-background-size:cover;-o-background-size:cover;background-size:cover;\"   data-bg-url=\"\">\n\t\t\t\t\t\t<div class=\"fusion-sep-clear\"><\/div><div class=\"fusion-separator fusion-full-width-sep sep-single sep-solid\" style=\"border-color:#55a098;border-top-width:5px;margin-left: auto;margin-right: auto;margin-top:;\"><\/div><div class=\"fusion-clearfix\"><\/div>\n\n\t\t\t\t\t<\/div>\n\t\t\t\t<\/div><div  class=\"fusion-layout-column fusion_builder_column fusion_builder_column_1_1 fusion-builder-column-4 fusion-one-full fusion-column-first fusion-column-last fusion-blend-mode green-border rounded-border 1_1\"  style='margin-top:0px;margin-bottom:20px;'>\n\t\t\t\t\t<div class=\"fusion-column-wrapper\" style=\"background-color:#ffffff;border:1px solid #e2e2e2;padding: 60px 60px 50px 60px;background-position:left top;background-repeat:no-repeat;-webkit-background-size:cover;-moz-background-size:cover;-o-background-size:cover;background-size:cover;\"   data-bg-url=\"\">\n\t\t\t\t\t\t<div class=\"fusion-text\"><h2 class=\"title style-scope ytd-video-primary-info-renderer\" align=\"center\">Manual pentru &#8222;Antreprenoriat inovativ pentru turism sportiv \u0219i de aventur\u0103 \u00een zona transfrontalier\u0103 Dobrich &#8211; Constan\u021ba&#8221;<\/h2>\n<\/div><div class=\"fusion-sep-clear\"><\/div><div class=\"fusion-separator fusion-full-width-sep sep-none\" style=\"margin-left: auto;margin-right: auto;margin-top:20px;\"><\/div><div class=\"fusion-text\"><div class=\"ead-preview\"><div class=\"ead-document\" style=\"position:relative;\"><iframe src=\"\/\/docs.google.com\/viewer?url=https%3A%2F%2Fwww.robgjobs.eu%2Fwp-content%2Fuploads%2F2019%2F02%2FBrosura-100pg-editia-a-patra.pdf&#038;embedded=true&#038;hl=en\" title=\"Embedded Document\" style=\"width:100%; height:800px; border: none;\"><\/iframe><\/div><p class=\"embed_download\"><a href=\"https:\/\/www.robgjobs.eu\/wp-content\/uploads\/2019\/02\/Brosura-100pg-editia-a-patra.pdf\" download>\u0418\u0437\u0442\u0435\u0433\u043b\u044f\u043d\u0435 \/ Descarc\u0103 [169.00 B]<\/a><\/p><\/div>\n<\/div><div class=\"fusion-clearfix\"><\/div>\n\n\t\t\t\t\t<\/div>\n\t\t\t\t<\/div><\/div><\/div>\n","protected":false},"excerpt":{"rendered":"","protected":false},"author":1,"featured_media":0,"parent":1965,"menu_order":0,"comment_status":"open","ping_status":"open","template":"100-width.php","meta":{"footnotes":""},"class_list":["post-1973","page","type-page","status-publish","hentry"],"_links":{"self":[{"href":"https:\/\/robgjobs.eu\/ro\/wp-json\/wp\/v2\/pages\/1973\/"}],"collection":[{"href":"https:\/\/robgjobs.eu\/ro\/wp-json\/wp\/v2\/pages\/"}],"about":[{"href":"https:\/\/robgjobs.eu\/ro\/wp-json\/wp\/v2\/types\/page\/"}],"author":[{"embeddable":true,"href":"https:\/\/robgjobs.eu\/ro\/wp-json\/wp\/v2\/users\/1\/"}],"replies":[{"embeddable":true,"href":"https:\/\/robgjobs.eu\/ro\/wp-json\/wp\/v2\/comments\/?post=1973"}],"version-history":[{"count":6,"href":"https:\/\/robgjobs.eu\/ro\/wp-json\/wp\/v2\/pages\/1973\/revisions\/"}],"predecessor-version":[{"id":2909,"href":"https:\/\/robgjobs.eu\/ro\/wp-json\/wp\/v2\/pages\/1973\/revisions\/2909\/"}],"up":[{"embeddable":true,"href":"https:\/\/robgjobs.eu\/ro\/wp-json\/wp\/v2\/pages\/1965\/"}],"wp:attachment":[{"href":"https:\/\/robgjobs.eu\/ro\/wp-json\/wp\/v2\/media\/?parent=1973"}],"curies":[{"name":"wp","href":"https:\/\/api.w.org\/{rel}","templated":true}]}}