{"id":1978,"date":"2018-08-23T12:30:09","date_gmt":"2018-08-23T12:30:09","guid":{"rendered":"https:\/\/www.robgjobs.eu\/informatii-despre-proiect-si-parteneri\/cine-suntem-noi\/"},"modified":"2019-02-10T13:50:34","modified_gmt":"2019-02-10T13:50:34","slug":"cine-suntem-noi","status":"publish","type":"page","link":"https:\/\/robgjobs.eu\/ro\/informatii-despre-proiect-si-parteneri\/cine-suntem-noi\/","title":{"rendered":"Cine suntem noi?"},"content":{"rendered":"<p><div class=\"fusion-fullwidth fullwidth-box nonhundred-percent-fullwidth non-hundred-percent-height-scrolling\"  style='background-color: #f5f5f5;background-position: left top;background-repeat: no-repeat;padding-top:40px;padding-right:0px;padding-bottom:40px;padding-left:0px;border-top-width:0px;border-bottom-width:0px;border-color:#eae9e9;border-top-style:solid;border-bottom-style:solid;'><div class=\"fusion-builder-row fusion-row \"><div  class=\"fusion-layout-column fusion_builder_column fusion_builder_column_1_1 fusion-builder-column-1 fusion-one-full fusion-column-first fusion-column-last fusion-column-no-min-height 1_1\"  style='margin-top:0px;margin-bottom:0px;'>\n\t\t\t\t\t<div class=\"fusion-column-wrapper\" style=\"padding: 0px 0px 0px 0px;background-position:left top;background-repeat:no-repeat;-webkit-background-size:cover;-moz-background-size:cover;-o-background-size:cover;background-size:cover;\"   data-bg-url=\"\">\n\t\t\t\t\t\t<div class=\"fusion-sep-clear\"><\/div><div class=\"fusion-separator fusion-full-width-sep sep-single sep-solid\" style=\"border-color:#55a098;border-top-width:5px;margin-left: auto;margin-right: auto;margin-top:;\"><\/div><div class=\"fusion-clearfix\"><\/div>\n\n\t\t\t\t\t<\/div>\n\t\t\t\t<\/div><div  class=\"fusion-layout-column fusion_builder_column fusion_builder_column_1_1 fusion-builder-column-2 fusion-one-full fusion-column-first fusion-column-last fusion-blend-mode green-border rounded-border 1_1\"  style='margin-top:0px;margin-bottom:20px;'>\n\t\t\t\t\t<div class=\"fusion-column-wrapper\" style=\"background-color:#ffffff;border:1px solid #e2e2e2;padding: 60px 60px 50px 60px;background-position:left top;background-repeat:no-repeat;-webkit-background-size:cover;-moz-background-size:cover;-o-background-size:cover;background-size:cover;\"   data-bg-url=\"\">\n\t\t\t\t\t\t<div class=\"fusion-text\"><p><img loading=\"lazy\" decoding=\"async\" class=\" wp-image-1559 alignleft\" src=\"https:\/\/www.robgjobs.eu\/wp-content\/uploads\/2018\/06\/evrika-300x208.png\" alt=\"\" width=\"325\" height=\"225\" srcset=\"https:\/\/robgjobs.eu\/wp-content\/uploads\/2018\/06\/evrika-150x104.png 150w, https:\/\/robgjobs.eu\/wp-content\/uploads\/2018\/06\/evrika-200x139.png 200w, https:\/\/robgjobs.eu\/wp-content\/uploads\/2018\/06\/evrika-300x208.png 300w, https:\/\/robgjobs.eu\/wp-content\/uploads\/2018\/06\/evrika.png 349w\" sizes=\"auto, (max-width: 325px) 100vw, 325px\" \/><\/p>\n<h2 align=\"center\"><strong>Partener principal Asocia\u021bie non-profit &#8222;<\/strong><strong>Institutul European pentru Turism Cultural &#8222;EUREKA&#8221;&#8221; Dobrich<\/strong><\/h2>\n<p align=\"justify\">Organizatie non-profit \u201eInstitutul European de Turism Cultural\u00abEUREKA\u00bb a fost fondat\u0103 \u00een 2003 de c\u0103tre exper\u021bi bulgari \u0219i olandezi ca organiza\u0163ie non-guvernamental\u0103 pentru a desf\u0103\u0219ura activit\u0103\u021bi de cercetare \u0219tiin\u021bific\u0103, educa\u021bie, formare \u0219i aplicate activit\u0103\u021bilor de cercetare. Misiunea Asocia\u0163iei EUREKA este de a dezvolta turismul durabil \u0219i responsabil \u00een Bulgaria, prin promovarea \u0219i conservarea patrimoniului cultural, promovarea traditiilor autentice locale, \u0219i a resurselor naturale. Echipa Asocia\u021biei EUREKA examineaz\u0103 tradi\u021bii, obiceiuri, situri istorice \u0219i arheologice \u0219i aplica abord\u0103ri inovatoare pentru crearea \u0219i promovarea produselor turistice, atrac\u021biilor locale \u0219i destina\u021biile turistice. Expertii asocia\u021biei EUREKA au numero\u0219i ani de experien\u021b\u0103 \u00een domeniul antreprenoriatului \u0219i dezvoltarea resurselor umane, dezvoltarea \u0219i managementul proiectelor cu finan\u021bare european\u0103. Asocia\u0163ia a dezvoltat parteneriate de succes cu autorit\u0103\u021bile publice locale \u0219i regionale, firmele de turism din regiune, alte ONG-uri, institu\u021bii culturale \u0219i muzee. Principalul obiectiv este stimularea dezvolt\u0103rii regionale durabile \u0219i a dezvolt\u0103rii pie\u021bei muncii, prin cercetare \u0219tiin\u021bific\u0103 \u0219i studii \u0219tiin\u021bifice aplicate \u00een domeniul turismului durabil \u0219i responsabil, transfer de &#8222;know-how&#8221; \u0219i bune practici, promovarea \u00eenv\u0103\u021b\u0103rii pe tot parcursul vie\u021bii,\u00a0 organizarea de cursuri de formare, pregatire profesional\u0103, lingvistic\u0103 \u0219i motiva\u021bional\u0103 pentru cet\u0103\u021benii bulgari \u0219i str\u0103ini, pentru \u0219omeri \u0219i persoane defavorizate. Organizatia non-profit \u201eInstitutul European pentru Turism Cultural&#8221; EUREKA este un membru activ al \u201eRe\u021belei europene a locurilor pentru pace&#8221; (\u0415uropean network places of peace), a \u201eEuropa Nostra&#8221;- cea mai mare re\u021bea din Europa\u00a0 care are ca scop protejarea \u015fi conservarea patrimoniului cultural \u0219i natural european. Institutul European pentru Turism Cultural EUREKA este \u00eenscris \u00een Registrul Na\u021bional al Asocia\u021biilor de Turism.<\/p>\n<\/div><div class=\"fusion-sep-clear\"><\/div><div class=\"fusion-separator fusion-full-width-sep sep-none\" style=\"margin-left: auto;margin-right: auto;margin-top:20px;\"><\/div><div class=\"fusion-clearfix\"><\/div>\n\n\t\t\t\t\t<\/div>\n\t\t\t\t<\/div><\/div><\/div><div class=\"fusion-fullwidth fullwidth-box nonhundred-percent-fullwidth non-hundred-percent-height-scrolling\"  style='background-color: #f5f5f5;background-position: left top;background-repeat: no-repeat;padding-top:40px;padding-right:0px;padding-bottom:40px;padding-left:0px;border-top-width:0px;border-bottom-width:0px;border-color:#eae9e9;border-top-style:solid;border-bottom-style:solid;'><div class=\"fusion-builder-row fusion-row \"><div  class=\"fusion-layout-column fusion_builder_column fusion_builder_column_1_1 fusion-builder-column-3 fusion-one-full fusion-column-first fusion-column-last fusion-column-no-min-height 1_1\"  style='margin-top:0px;margin-bottom:0px;'>\n\t\t\t\t\t<div class=\"fusion-column-wrapper\" style=\"padding: 0px 0px 0px 0px;background-position:left top;background-repeat:no-repeat;-webkit-background-size:cover;-moz-background-size:cover;-o-background-size:cover;background-size:cover;\"   data-bg-url=\"\">\n\t\t\t\t\t\t<div class=\"fusion-sep-clear\"><\/div><div class=\"fusion-separator fusion-full-width-sep sep-single sep-solid\" style=\"border-color:#55a098;border-top-width:5px;margin-left: auto;margin-right: auto;margin-top:;\"><\/div><div class=\"fusion-clearfix\"><\/div>\n\n\t\t\t\t\t<\/div>\n\t\t\t\t<\/div><div  class=\"fusion-layout-column fusion_builder_column fusion_builder_column_1_1 fusion-builder-column-4 fusion-one-full fusion-column-first fusion-column-last fusion-blend-mode green-border rounded-border 1_1\"  style='margin-top:0px;margin-bottom:20px;'>\n\t\t\t\t\t<div class=\"fusion-column-wrapper\" style=\"background-color:#ffffff;border:1px solid #e2e2e2;padding: 60px 60px 50px 60px;background-position:left top;background-repeat:no-repeat;-webkit-background-size:cover;-moz-background-size:cover;-o-background-size:cover;background-size:cover;\"   data-bg-url=\"\">\n\t\t\t\t\t\t<div class=\"fusion-text\"><h2 align=\"center\"><img loading=\"lazy\" decoding=\"async\" class=\"size-medium wp-image-1563 alignleft\" src=\"https:\/\/www.robgjobs.eu\/wp-content\/uploads\/2018\/06\/ovidii-300x286.png\" alt=\"\" width=\"300\" height=\"286\" srcset=\"https:\/\/robgjobs.eu\/wp-content\/uploads\/2018\/06\/ovidii-150x143.png 150w, https:\/\/robgjobs.eu\/wp-content\/uploads\/2018\/06\/ovidii-200x191.png 200w, https:\/\/robgjobs.eu\/wp-content\/uploads\/2018\/06\/ovidii-300x286.png 300w, https:\/\/robgjobs.eu\/wp-content\/uploads\/2018\/06\/ovidii.png 317w\" sizes=\"auto, (max-width: 300px) 100vw, 300px\" \/><strong>Partner 2 Universitatea &#8222;Ovidius&#8221; din Constan\u021ba<\/strong><\/h2>\n<p align=\"justify\">Universitatea Ovidius din Constan\u021ba este o institu\u021bie public\u0103 de \u00eenv\u0103\u021b\u0103m\u00e2nt superior de educa\u021bie \u015fi cercetare \u015ftiin\u0163ific\u0103 fondat\u0103 \u00een 1961 \u015fi care, din 1990, a devenit o universitate multidisciplinar\u0103.<\/p>\n<p align=\"justify\">Misiunea asumat\u0103 de Universitatea &#8222;Ovidius&#8221; din Constan\u021ba este dezvoltarea unui mediu educa\u021bional \u0219i de cercetare competitiv, menit s\u0103 creeze, s\u0103 men\u021bin\u0103 \u0219i s\u0103 ofere cuno\u0219tin\u021be societ\u0103\u021bii, \u00een timp ce obiectivele sale fundamentale asumate sunt: contribuirea la progresul \u0219tiin\u021belor fundamentale \u0219i aplicative prin cercetare \u0219tiin\u021bific\u0103, inovare \u0219i transfer tehnologic; formarea ini\u021bial\u0103 \u0219i continu\u0103 a speciali\u0219tilor capabili s\u0103 cunoasc\u0103 nevoile mediului social \u0219i economic; promovarea valorilor na\u021bionale \u0219i europene \u00een domeniul \u0219tiin\u021bei, culturii \u0219i educa\u021biei, prin cooperare academic\u0103 interna\u021bional\u0103.<br \/>\nUniversitatea Ovidius din Constan\u021ba are o istorie de 56 de ani de \u00eenv\u0103\u021b\u0103m\u00e2nt superior \u00een regiunea de sud-est a \u021b\u0103rii (regiunea Dobrogea) \u0219i este una dintre cele mai importante institu\u021bii de \u00eenv\u0103\u021b\u0103m\u00e2nt superior din Rom\u00e2nia. Scopul universit\u0103\u021bii este de a-\u0219i preg\u0103ti studen\u021bii pentru o via\u021b\u0103 activ\u0103, corel\u00e2nd continuu con\u021binutul educa\u021bional \u0219i activitatea de formare cu cerin\u021bele pie\u021bei muncii, satisf\u0103c\u00e2nd astfel nevoile mediului economic \u0219i social.<br \/>\nUniversitatea Ovidius din Constan\u021ba este activ\u0103 \u00een dezvoltarea rela\u021biilor sale interna\u021bionale \u0219i cu peste 80 de universitati din Europa, SUA, America Latina \u015fi Asia.<br \/>\nLocalizarea sa geografica a dus la o implicare \u015fi o aplicare deosebita in cercetarea turistica \u015fi formarea profesioni\u015ftilor din domeniul turismului, prin una dintre facultatHe sale &#8211; Facultatea de \u015ftiinte Economice. De la infiintarea sa in 1990, facultatea a dezvoltat numeroase acorduri \u015fi parteneriate cu companii din domeniul turismului \u015fi activitatHor turistice, atat pentru cercetare, cat \u015fi pentru programele de stagii \u015fi plasare a studentHor.<br \/>\nUniversitatea Ovidius din Constanta este dedicata in special activitatilor de cercetare, initierii \u015fi participarii la proiecte nation ale \u015fi internationale. Tn ultimii 10 ani, echipele de cercetare ale Universitatii Ovidius din Constanta au obtinut rezultate remarcabile in implementarea proiectelor transfrontaliere, interregionale \u015fi internationale.<\/p>\n<\/div><div class=\"fusion-sep-clear\"><\/div><div class=\"fusion-separator fusion-full-width-sep sep-none\" style=\"margin-left: auto;margin-right: auto;margin-top:20px;\"><\/div><div class=\"fusion-clearfix\"><\/div>\n\n\t\t\t\t\t<\/div>\n\t\t\t\t<\/div><\/div><\/div><div class=\"fusion-fullwidth fullwidth-box nonhundred-percent-fullwidth non-hundred-percent-height-scrolling\"  style='background-color: #f5f5f5;background-position: left top;background-repeat: no-repeat;padding-top:40px;padding-right:0px;padding-bottom:40px;padding-left:0px;border-top-width:0px;border-bottom-width:0px;border-color:#eae9e9;border-top-style:solid;border-bottom-style:solid;'><div class=\"fusion-builder-row fusion-row \"><div  class=\"fusion-layout-column fusion_builder_column fusion_builder_column_1_1 fusion-builder-column-5 fusion-one-full fusion-column-first fusion-column-last fusion-column-no-min-height 1_1\"  style='margin-top:0px;margin-bottom:0px;'>\n\t\t\t\t\t<div class=\"fusion-column-wrapper\" style=\"padding: 0px 0px 0px 0px;background-position:left top;background-repeat:no-repeat;-webkit-background-size:cover;-moz-background-size:cover;-o-background-size:cover;background-size:cover;\"   data-bg-url=\"\">\n\t\t\t\t\t\t<div class=\"fusion-sep-clear\"><\/div><div class=\"fusion-separator fusion-full-width-sep sep-single sep-solid\" style=\"border-color:#55a098;border-top-width:5px;margin-left: auto;margin-right: auto;margin-top:;\"><\/div><div class=\"fusion-clearfix\"><\/div>\n\n\t\t\t\t\t<\/div>\n\t\t\t\t<\/div><div  class=\"fusion-layout-column fusion_builder_column fusion_builder_column_1_1 fusion-builder-column-6 fusion-one-full fusion-column-first fusion-column-last fusion-blend-mode green-border rounded-border 1_1\"  style='margin-top:0px;margin-bottom:20px;'>\n\t\t\t\t\t<div class=\"fusion-column-wrapper\" style=\"background-color:#ffffff;border:1px solid #e2e2e2;padding: 60px 60px 50px 60px;background-position:left top;background-repeat:no-repeat;-webkit-background-size:cover;-moz-background-size:cover;-o-background-size:cover;background-size:cover;\"   data-bg-url=\"\">\n\t\t\t\t\t\t<div class=\"fusion-text\"><h2><img loading=\"lazy\" decoding=\"async\" class=\"size-medium wp-image-1565 alignleft\" src=\"https:\/\/www.robgjobs.eu\/wp-content\/uploads\/2018\/06\/dobrich-250x300.png\" alt=\"\" width=\"250\" height=\"300\" srcset=\"https:\/\/robgjobs.eu\/wp-content\/uploads\/2018\/06\/dobrich-150x180.png 150w, https:\/\/robgjobs.eu\/wp-content\/uploads\/2018\/06\/dobrich-200x240.png 200w, https:\/\/robgjobs.eu\/wp-content\/uploads\/2018\/06\/dobrich-250x300.png 250w, https:\/\/robgjobs.eu\/wp-content\/uploads\/2018\/06\/dobrich.png 327w\" sizes=\"auto, (max-width: 250px) 100vw, 250px\" \/><\/h2>\n<h2 align=\"center\"><strong>Partner <\/strong><strong>3 &#8222;Camera de Comert \u015f<\/strong><strong>i lndustrie&#8221; Dobrich<\/strong><\/h2>\n<p align=\"justify\">Camera de Comert \u015fi lndustrie Dobrich a fast infiintata in 1990 ca o organizatie neguvernamentala bazata pe principiile activitatii voluntare, autonomiei \u015fi auto-finantarii. Obiectivele Camerei de Comert \u015fi lndustrie din Dobrich sunt sa stimuleze comertul \u015fi investitiile internationale, sa promoveze schimbul de bune practici \udbc0\udc0bi cooperarea dar \u015fi sa reprezinte interesele membrilor sai la nivel local, regional, national \u015fi international.<br \/>\nCu activitatea sa, institutia:<br \/>\n\u2022\u00a0sprijina dezvoltarea economica \u015fi durabila a regiunii Dobrich;<br \/>\n\u2022\u00a0stimuleaza crearea conditiilor de interactiune \u015fi promovare a cooperarii tehnologice \u015fi de afaceri;<br \/>\n\u2022\u00a0 colaboreaza cu autoritatHe centrale \u015fi municipale in organizarea activitatHor de dezvoltare a economiei de piata;<br \/>\n\u2022\u00a0ofera informatii \u015fi sfaturi practice privind oportunitatile de piata, legislatia \u015fi politicile europene<br \/>\n\u2022\u00a0asista IMM-urile in gasirea de parteneri de afaceri potriviti, utilizand baze de date de colaborare in domeniul afacerilor \u015fi al tehnologiei \u015fi informatii de licitatie \u015fi retele internationale;<br \/>\n\u2022\u00a0dezvoltarea capacitatilor de cercetare \u015fi inovare pentru IMM-uri;<br \/>\nCamera de Comert \u015fi lndustrie Dobrich este membra retelei Enterprise Europe Network &#8211; cea mai mare retea de informare \u015fi consultanta in Europa, al carei scop este de a sprijini IMM-urile in dezvoltarea potentialului lor de inovare \u015fi de a cre\u015fte gradul de con\u015ftientizare a acestora cu privire la politicile Comisiei Europene care vizeaza intreprinderile.<\/p>\n<\/div><div class=\"fusion-sep-clear\"><\/div><div class=\"fusion-separator fusion-full-width-sep sep-none\" style=\"margin-left: auto;margin-right: auto;margin-top:20px;\"><\/div><div class=\"fusion-clearfix\"><\/div>\n\n\t\t\t\t\t<\/div>\n\t\t\t\t<\/div><\/div><\/div><div class=\"fusion-fullwidth fullwidth-box nonhundred-percent-fullwidth non-hundred-percent-height-scrolling\"  style='background-color: #f5f5f5;background-position: left top;background-repeat: no-repeat;padding-top:40px;padding-right:0px;padding-bottom:40px;padding-left:0px;border-top-width:0px;border-bottom-width:0px;border-color:#eae9e9;border-top-style:solid;border-bottom-style:solid;'><div class=\"fusion-builder-row fusion-row \"><div  class=\"fusion-layout-column fusion_builder_column fusion_builder_column_1_1 fusion-builder-column-7 fusion-one-full fusion-column-first fusion-column-last fusion-column-no-min-height 1_1\"  style='margin-top:0px;margin-bottom:0px;'>\n\t\t\t\t\t<div class=\"fusion-column-wrapper\" style=\"padding: 0px 0px 0px 0px;background-position:left top;background-repeat:no-repeat;-webkit-background-size:cover;-moz-background-size:cover;-o-background-size:cover;background-size:cover;\"   data-bg-url=\"\">\n\t\t\t\t\t\t<div class=\"fusion-sep-clear\"><\/div><div class=\"fusion-separator fusion-full-width-sep sep-single sep-solid\" style=\"border-color:#55a098;border-top-width:5px;margin-left: auto;margin-right: auto;margin-top:;\"><\/div><div class=\"fusion-clearfix\"><\/div>\n\n\t\t\t\t\t<\/div>\n\t\t\t\t<\/div><div  class=\"fusion-layout-column fusion_builder_column fusion_builder_column_1_1 fusion-builder-column-8 fusion-one-full fusion-column-first fusion-column-last fusion-blend-mode green-border rounded-border 1_1\"  style='margin-top:0px;margin-bottom:20px;'>\n\t\t\t\t\t<div class=\"fusion-column-wrapper\" style=\"background-color:#ffffff;border:1px solid #e2e2e2;padding: 60px 60px 50px 60px;background-position:left top;background-repeat:no-repeat;-webkit-background-size:cover;-moz-background-size:cover;-o-background-size:cover;background-size:cover;\"   data-bg-url=\"\">\n\t\t\t\t\t\t<div class=\"fusion-text\"><h2><img loading=\"lazy\" decoding=\"async\" class=\"size-full wp-image-1567 alignleft\" src=\"https:\/\/www.robgjobs.eu\/wp-content\/uploads\/2018\/06\/konstanca.png\" alt=\"\" width=\"171\" height=\"250\" srcset=\"https:\/\/robgjobs.eu\/wp-content\/uploads\/2018\/06\/konstanca-150x219.png 150w, https:\/\/robgjobs.eu\/wp-content\/uploads\/2018\/06\/konstanca.png 171w\" sizes=\"auto, (max-width: 171px) 100vw, 171px\" \/><\/h2>\n<h2 align=\"center\"><strong>Partner <\/strong><strong>4 Aso<\/strong><strong>ciatia non-profit<\/strong><strong> ,,<\/strong><strong>Institutul pentru Promovarea<br \/>\n<\/strong><strong>Turismului \u015f<\/strong><strong>i Economie Aplicat<\/strong><strong>a&#8221;\u00a0<\/strong><strong>Constan\u021ba<\/strong><\/h2>\n<p align=\"justify\">Organizatia neguvernamentala, infiintata in 2009, este situata in ora\u015ful Constanta. Obiectivele pe care le urmare\u015fte sunt: promovarea \u015fi dezvoltarea turismului; activitati de consolidare a mediului de afaceri; organizarea de seminarii, cursuri de formare, conferinte.<\/p>\n<\/div><div class=\"fusion-sep-clear\"><\/div><div class=\"fusion-separator fusion-full-width-sep sep-none\" style=\"margin-left: auto;margin-right: auto;margin-top:20px;\"><\/div><div class=\"fusion-clearfix\"><\/div>\n\n\t\t\t\t\t<\/div>\n\t\t\t\t<\/div><\/div><\/div><\/p>\n","protected":false},"excerpt":{"rendered":"","protected":false},"author":1,"featured_media":0,"parent":1976,"menu_order":0,"comment_status":"open","ping_status":"open","template":"100-width.php","meta":{"footnotes":""},"class_list":["post-1978","page","type-page","status-publish","hentry"],"_links":{"self":[{"href":"https:\/\/robgjobs.eu\/ro\/wp-json\/wp\/v2\/pages\/1978\/"}],"collection":[{"href":"https:\/\/robgjobs.eu\/ro\/wp-json\/wp\/v2\/pages\/"}],"about":[{"href":"https:\/\/robgjobs.eu\/ro\/wp-json\/wp\/v2\/types\/page\/"}],"author":[{"embeddable":true,"href":"https:\/\/robgjobs.eu\/ro\/wp-json\/wp\/v2\/users\/1\/"}],"replies":[{"embeddable":true,"href":"https:\/\/robgjobs.eu\/ro\/wp-json\/wp\/v2\/comments\/?post=1978"}],"version-history":[{"count":8,"href":"https:\/\/robgjobs.eu\/ro\/wp-json\/wp\/v2\/pages\/1978\/revisions\/"}],"predecessor-version":[{"id":2406,"href":"https:\/\/robgjobs.eu\/ro\/wp-json\/wp\/v2\/pages\/1978\/revisions\/2406\/"}],"up":[{"embeddable":true,"href":"https:\/\/robgjobs.eu\/ro\/wp-json\/wp\/v2\/pages\/1976\/"}],"wp:attachment":[{"href":"https:\/\/robgjobs.eu\/ro\/wp-json\/wp\/v2\/media\/?parent=1978"}],"curies":[{"name":"wp","href":"https:\/\/api.w.org\/{rel}","templated":true}]}}