{"id":2719,"date":"2019-02-26T09:01:57","date_gmt":"2019-02-26T09:01:57","guid":{"rendered":"https:\/\/www.robgjobs.eu\/transgranichen-tsentar-za-uchene-prez-tselia-zhivot\/"},"modified":"2019-02-26T09:28:51","modified_gmt":"2019-02-26T09:28:51","slug":"centru-transfrontalier-de-invatare-pe-tot-parcursul-vietii","status":"publish","type":"page","link":"https:\/\/robgjobs.eu\/ro\/centru-transfrontalier-de-invatare-pe-tot-parcursul-vietii\/","title":{"rendered":"Centru transfrontalier de \u00eenv\u0103\u021bare pe tot parcursul vie\u021bii \u2013 Constanta"},"content":{"rendered":"<div class=\"fusion-fullwidth fullwidth-box nonhundred-percent-fullwidth non-hundred-percent-height-scrolling\"  style='background-color: #ffffff;background-position: left top;background-repeat: no-repeat;padding-top:100px;padding-right:0px;padding-bottom:100px;padding-left:0px;border-top-width:1px;border-bottom-width:1px;border-color:#e2e2e2;border-top-style:solid;border-bottom-style:solid;'><div class=\"fusion-builder-row fusion-row \"><div  class=\"fusion-layout-column fusion_builder_column fusion_builder_column_1_1 fusion-builder-column-1 fusion-one-full fusion-column-first fusion-column-last fusion-column-no-min-height 1_1\"  style='margin-top:0px;margin-bottom:0px;'>\n\t\t\t\t\t<div class=\"fusion-column-wrapper\" style=\"padding: 0px 0px 0px 0px;background-position:left top;background-repeat:no-repeat;-webkit-background-size:cover;-moz-background-size:cover;-o-background-size:cover;background-size:cover;\"   data-bg-url=\"\">\n\t\t\t\t\t\t<div class=\"fusion-text\"><h2 align=\"center\">Centru transfrontalier de \u00eenv\u0103\u021bare pe tot parcursul vie\u021bii \u2013 Constanta<\/h2>\n<\/div><div class=\"fusion-sep-clear\"><\/div><div class=\"fusion-separator sep-single sep-solid\" style=\"border-color:#dfdddd;border-top-width:1px;margin-left: auto;margin-right: auto;margin-top:10px;margin-bottom:30px;width:100%;max-width:170px;\"><\/div><div class=\"fusion-sep-clear\"><\/div><div class=\"fusion-separator sep-none\" style=\"margin-left: auto;margin-right: auto;margin-top:40px;width:100%;max-width:170px;\"><\/div><div class=\"fusion-clearfix\"><\/div>\n\n\t\t\t\t\t<\/div>\n\t\t\t\t<\/div><div  class=\"fusion-layout-column fusion_builder_column fusion_builder_column_1_1 fusion-builder-column-2 fusion-one-full fusion-column-first fusion-column-last fusion-column-no-min-height 1_1\"  style='margin-top:0px;margin-bottom:0px;'>\n\t\t\t\t\t<div class=\"fusion-column-wrapper\" style=\"padding: 0px 0px 0px 0px;background-position:left top;background-repeat:no-repeat;-webkit-background-size:cover;-moz-background-size:cover;-o-background-size:cover;background-size:cover;\"   data-bg-url=\"\">\n\t\t\t\t\t\t<div class=\"fusion-text\"><p align=\"justify\">Centrul a fost \u00eenfiin\u021bat la Constan\u021ba, \u00een cl\u0103direa Universit\u0103\u021bii Ovidi \u0219i are ca scop stimularea \u00eenv\u0103\u021b\u0103rii pe tot parcursul vie\u021bii \u0219i servi drept un proiect pilot de \u00eembun\u0103t\u0103\u021bire a calit\u0103\u021bii \u0219i competitivit\u0103\u021bii resurselor umane \u00een zona transfrontalier\u0103.<\/p>\n<p align=\"justify\"><img loading=\"lazy\" decoding=\"async\" class=\"aligncenter wp-image-2706 size-large\" src=\"https:\/\/www.robgjobs.eu\/wp-content\/uploads\/2019\/02\/universitatea-ovidius-ziua-de-constanta-1-1024x683.jpg\" alt=\"\" width=\"1024\" height=\"683\" srcset=\"https:\/\/robgjobs.eu\/wp-content\/uploads\/2019\/02\/universitatea-ovidius-ziua-de-constanta-1-150x100.jpg 150w, https:\/\/robgjobs.eu\/wp-content\/uploads\/2019\/02\/universitatea-ovidius-ziua-de-constanta-1-200x133.jpg 200w, https:\/\/robgjobs.eu\/wp-content\/uploads\/2019\/02\/universitatea-ovidius-ziua-de-constanta-1-300x200.jpg 300w, https:\/\/robgjobs.eu\/wp-content\/uploads\/2019\/02\/universitatea-ovidius-ziua-de-constanta-1-400x267.jpg 400w, https:\/\/robgjobs.eu\/wp-content\/uploads\/2019\/02\/universitatea-ovidius-ziua-de-constanta-1-500x333.jpg 500w, https:\/\/robgjobs.eu\/wp-content\/uploads\/2019\/02\/universitatea-ovidius-ziua-de-constanta-1-600x400.jpg 600w, https:\/\/robgjobs.eu\/wp-content\/uploads\/2019\/02\/universitatea-ovidius-ziua-de-constanta-1-768x512.jpg 768w, https:\/\/robgjobs.eu\/wp-content\/uploads\/2019\/02\/universitatea-ovidius-ziua-de-constanta-1-800x533.jpg 800w, https:\/\/robgjobs.eu\/wp-content\/uploads\/2019\/02\/universitatea-ovidius-ziua-de-constanta-1-1024x683.jpg 1024w, https:\/\/robgjobs.eu\/wp-content\/uploads\/2019\/02\/universitatea-ovidius-ziua-de-constanta-1.jpg 1200w\" sizes=\"auto, (max-width: 1024px) 100vw, 1024px\" \/><\/p>\n<p align=\"justify\">Centrul ofer\u0103 oportunit\u0103\u021bi pentru cursuri de consiliere \u0219i formare profesional\u0103, folosind materialele de instruire dezvoltate de platforma de \u00eenv\u0103\u021bare online.<\/p>\n<p align=\"justify\">Centrul este echipat cu o plac\u0103 interactiv\u0103, zece laptop-uri \u0219i un dispozitiv multifunc\u021bional. Dou\u0103 cursuri de formare pentru competen\u021be soft vor avea loc \u00een perioada aprilie-mai 2019. Participan\u021bii vor fi tineri \u0219i \u0219omeri din Dobrich \u0219i Constan\u021ba.<\/p>\n<p align=\"justify\"><img loading=\"lazy\" decoding=\"async\" class=\"aligncenter size-large wp-image-2712\" src=\"https:\/\/www.robgjobs.eu\/wp-content\/uploads\/2019\/02\/universitatea-ovidius-ziua-de-constanta-2-1024x576.jpg\" alt=\"\" width=\"1024\" height=\"576\" srcset=\"https:\/\/robgjobs.eu\/wp-content\/uploads\/2019\/02\/universitatea-ovidius-ziua-de-constanta-2-150x84.jpg 150w, https:\/\/robgjobs.eu\/wp-content\/uploads\/2019\/02\/universitatea-ovidius-ziua-de-constanta-2-200x113.jpg 200w, https:\/\/robgjobs.eu\/wp-content\/uploads\/2019\/02\/universitatea-ovidius-ziua-de-constanta-2-300x169.jpg 300w, https:\/\/robgjobs.eu\/wp-content\/uploads\/2019\/02\/universitatea-ovidius-ziua-de-constanta-2-400x225.jpg 400w, https:\/\/robgjobs.eu\/wp-content\/uploads\/2019\/02\/universitatea-ovidius-ziua-de-constanta-2-500x281.jpg 500w, https:\/\/robgjobs.eu\/wp-content\/uploads\/2019\/02\/universitatea-ovidius-ziua-de-constanta-2-600x338.jpg 600w, https:\/\/robgjobs.eu\/wp-content\/uploads\/2019\/02\/universitatea-ovidius-ziua-de-constanta-2-768x432.jpg 768w, https:\/\/robgjobs.eu\/wp-content\/uploads\/2019\/02\/universitatea-ovidius-ziua-de-constanta-2-800x450.jpg 800w, https:\/\/robgjobs.eu\/wp-content\/uploads\/2019\/02\/universitatea-ovidius-ziua-de-constanta-2-1024x576.jpg 1024w, https:\/\/robgjobs.eu\/wp-content\/uploads\/2019\/02\/universitatea-ovidius-ziua-de-constanta-2-1200x675.jpg 1200w, https:\/\/robgjobs.eu\/wp-content\/uploads\/2019\/02\/universitatea-ovidius-ziua-de-constanta-2.jpg 1920w\" sizes=\"auto, (max-width: 1024px) 100vw, 1024px\" \/><\/p>\n<p align=\"justify\"><img loading=\"lazy\" decoding=\"async\" class=\"aligncenter size-large wp-image-2715\" src=\"https:\/\/www.robgjobs.eu\/wp-content\/uploads\/2019\/02\/universitatea-ovidius-ziua-de-constanta-3-1024x576.jpg\" alt=\"\" width=\"1024\" height=\"576\" srcset=\"https:\/\/robgjobs.eu\/wp-content\/uploads\/2019\/02\/universitatea-ovidius-ziua-de-constanta-3-150x84.jpg 150w, https:\/\/robgjobs.eu\/wp-content\/uploads\/2019\/02\/universitatea-ovidius-ziua-de-constanta-3-200x112.jpg 200w, https:\/\/robgjobs.eu\/wp-content\/uploads\/2019\/02\/universitatea-ovidius-ziua-de-constanta-3-300x169.jpg 300w, https:\/\/robgjobs.eu\/wp-content\/uploads\/2019\/02\/universitatea-ovidius-ziua-de-constanta-3-400x225.jpg 400w, https:\/\/robgjobs.eu\/wp-content\/uploads\/2019\/02\/universitatea-ovidius-ziua-de-constanta-3-500x281.jpg 500w, https:\/\/robgjobs.eu\/wp-content\/uploads\/2019\/02\/universitatea-ovidius-ziua-de-constanta-3-600x337.jpg 600w, https:\/\/robgjobs.eu\/wp-content\/uploads\/2019\/02\/universitatea-ovidius-ziua-de-constanta-3-768x432.jpg 768w, https:\/\/robgjobs.eu\/wp-content\/uploads\/2019\/02\/universitatea-ovidius-ziua-de-constanta-3-800x450.jpg 800w, https:\/\/robgjobs.eu\/wp-content\/uploads\/2019\/02\/universitatea-ovidius-ziua-de-constanta-3-1024x576.jpg 1024w, https:\/\/robgjobs.eu\/wp-content\/uploads\/2019\/02\/universitatea-ovidius-ziua-de-constanta-3-1200x675.jpg 1200w, https:\/\/robgjobs.eu\/wp-content\/uploads\/2019\/02\/universitatea-ovidius-ziua-de-constanta-3.jpg 1689w\" sizes=\"auto, (max-width: 1024px) 100vw, 1024px\" \/><\/p>\n<p align=\"justify\"><img loading=\"lazy\" decoding=\"async\" class=\"aligncenter size-large wp-image-2709\" src=\"https:\/\/www.robgjobs.eu\/wp-content\/uploads\/2019\/02\/universitatea-ovidius-ziua-de-constanta-4-1024x576.jpg\" alt=\"\" width=\"1024\" height=\"576\" srcset=\"https:\/\/robgjobs.eu\/wp-content\/uploads\/2019\/02\/universitatea-ovidius-ziua-de-constanta-4-150x84.jpg 150w, https:\/\/robgjobs.eu\/wp-content\/uploads\/2019\/02\/universitatea-ovidius-ziua-de-constanta-4-200x113.jpg 200w, https:\/\/robgjobs.eu\/wp-content\/uploads\/2019\/02\/universitatea-ovidius-ziua-de-constanta-4-300x169.jpg 300w, https:\/\/robgjobs.eu\/wp-content\/uploads\/2019\/02\/universitatea-ovidius-ziua-de-constanta-4-400x225.jpg 400w, https:\/\/robgjobs.eu\/wp-content\/uploads\/2019\/02\/universitatea-ovidius-ziua-de-constanta-4-500x281.jpg 500w, https:\/\/robgjobs.eu\/wp-content\/uploads\/2019\/02\/universitatea-ovidius-ziua-de-constanta-4-600x338.jpg 600w, https:\/\/robgjobs.eu\/wp-content\/uploads\/2019\/02\/universitatea-ovidius-ziua-de-constanta-4-768x432.jpg 768w, https:\/\/robgjobs.eu\/wp-content\/uploads\/2019\/02\/universitatea-ovidius-ziua-de-constanta-4-800x450.jpg 800w, https:\/\/robgjobs.eu\/wp-content\/uploads\/2019\/02\/universitatea-ovidius-ziua-de-constanta-4-1024x576.jpg 1024w, https:\/\/robgjobs.eu\/wp-content\/uploads\/2019\/02\/universitatea-ovidius-ziua-de-constanta-4-1200x675.jpg 1200w, https:\/\/robgjobs.eu\/wp-content\/uploads\/2019\/02\/universitatea-ovidius-ziua-de-constanta-4.jpg 1920w\" sizes=\"auto, (max-width: 1024px) 100vw, 1024px\" \/><\/p>\n<\/div><div class=\"fusion-sep-clear\"><\/div><div class=\"fusion-separator sep-single sep-solid\" style=\"border-color:#dfdddd;border-top-width:1px;margin-left: auto;margin-right: auto;margin-top:10px;margin-bottom:30px;width:100%;max-width:170px;\"><\/div><div class=\"fusion-clearfix\"><\/div>\n\n\t\t\t\t\t<\/div>\n\t\t\t\t<\/div><\/div><\/div>\n","protected":false},"excerpt":{"rendered":"","protected":false},"author":2,"featured_media":0,"parent":0,"menu_order":0,"comment_status":"open","ping_status":"closed","template":"100-width.php","meta":{"footnotes":""},"class_list":["post-2719","page","type-page","status-publish","hentry"],"_links":{"self":[{"href":"https:\/\/robgjobs.eu\/ro\/wp-json\/wp\/v2\/pages\/2719\/"}],"collection":[{"href":"https:\/\/robgjobs.eu\/ro\/wp-json\/wp\/v2\/pages\/"}],"about":[{"href":"https:\/\/robgjobs.eu\/ro\/wp-json\/wp\/v2\/types\/page\/"}],"author":[{"embeddable":true,"href":"https:\/\/robgjobs.eu\/ro\/wp-json\/wp\/v2\/users\/2\/"}],"replies":[{"embeddable":true,"href":"https:\/\/robgjobs.eu\/ro\/wp-json\/wp\/v2\/comments\/?post=2719"}],"version-history":[{"count":4,"href":"https:\/\/robgjobs.eu\/ro\/wp-json\/wp\/v2\/pages\/2719\/revisions\/"}],"predecessor-version":[{"id":2725,"href":"https:\/\/robgjobs.eu\/ro\/wp-json\/wp\/v2\/pages\/2719\/revisions\/2725\/"}],"wp:attachment":[{"href":"https:\/\/robgjobs.eu\/ro\/wp-json\/wp\/v2\/media\/?parent=2719"}],"curies":[{"name":"wp","href":"https:\/\/api.w.org\/{rel}","templated":true}]}}